{"id":31124,"date":"2023-10-26T21:02:33","date_gmt":"2023-10-27T02:02:33","guid":{"rendered":"https:\/\/www.brandonu.ca\/careerplanning\/?page_id=31124"},"modified":"2023-10-26T21:02:33","modified_gmt":"2023-10-27T02:02:33","slug":"library-and-archives-careers","status":"publish","type":"page","link":"https:\/\/www.brandonu.ca\/careerplanning\/student-resources\/career-exploration-planning-resources\/library-and-archives-careers\/","title":{"rendered":"Library and Archives Careers"},"content":{"rendered":"<p>Library Careers General Information<\/p>\n<p>Job Boards<\/p>\n<p>Partnership Job Board:<a href=\"https:\/\/partnershipjobs.ca\/jobs\"> https:\/\/partnershipjobs.ca\/jobs<\/a><\/p>\n<p>BU Postings for Student Assistants or Research Assistants will be posted here, when open: <a href=\"https:\/\/www.brandonu.ca\/jobs\/\">https:\/\/www.brandonu.ca\/jobs\/<\/a><\/p>\n<p><strong>Professional Associations (open to both Librarians and Library Technicians) Librarianship.ca<\/strong> List of Associations:<a href=\"https:\/\/librarianship.ca\/resources\/associations\/\"> https:\/\/librarianship.ca\/resources\/associations\/<\/a> Manitoba Library Association: <a href=\"https:\/\/mla.mb.ca\/\">https:\/\/mla.mb.ca\/ <\/a><\/p>\n<p>Manitoba School Library Association: <a href=\"https:\/\/www.manitobaschoollibraries.ca\/ Canadian\">https:\/\/www.manitobaschoollibraries.ca\/ Canadian<\/a> Federation of Library Associations: <a href=\"https:\/\/cfla-fcab.ca\/en\/home-page\/\">https:\/\/cfla-fcab.ca\/en\/home-page\/ <\/a><\/p>\n<p>American Library Association (our accrediting body): <a href=\"https:\/\/www.ala.org\/ International\">https:\/\/www.ala.org\/ International<\/a> Federation of Library Associations: <a href=\"https:\/\/www.ifla.org\/\">https:\/\/www.ifla.org\/<\/a><\/p>\n<p>Competencies\/Ethics: Competencies for Information Professionals: <a href=\"https:\/\/librarianship.ca\/resources\/competencies\/\">https:\/\/librarianship.ca\/resources\/competencies\/<\/a><\/p>\n<p>IFLA Code of Ethics for Librarian and other Information Workers: <a href=\"https:\/\/www.ifla.org\/publications\/ifla-code-of-ethics-for-librarians-and-other-information-workers-full-version\/\">https:\/\/www.ifla.org\/publications\/ifla-code-of-ethics-for-librarians-and-other-information-workers-full-version\/<\/a><\/p>\n<p>CFLA-FCAB Code of Ethics: <a href=\"https:\/\/cfla-fcab.ca\/wp-content\/uploads\/2019\/06\/Code-of-ethics.pdf\">https:\/\/cfla-fcab.ca\/wp-content\/uploads\/2019\/06\/Code-of-ethics.pdf<\/a><\/p>\n<p>Library Technician Role<\/p>\n<p>About the Library Technician role<\/p>\n<p>CFLA Guidelines for the Education of Library Technicians: <a href=\"https:\/\/cfla-fcab.ca\/en\/guidelines-and-position-papers\/guidelines-for-the-education-of-library-technicians\/\">https:\/\/cfla-fcab.ca\/en\/guidelines-and-position-papers\/guidelines-for-the-education-of-library-technicians\/<\/a><\/p>\n<p><strong>Additional Professional Associations<\/strong><\/p>\n<p>*Note that most associations aren\u2019t restricted to the Library Technician role* Manitoba Library Association &#8211; Library Technicians Division: <a href=\"https:\/\/mla.mb.ca\/about\/divisions\/library-technicians-division\/#:~:text=The%20Library%20Technicians%20Division%20(formerly,library%20community%20as%20a%20whole.\">https:\/\/mla.mb.ca\/about\/divisions\/library-technicians-division\/#:~:text=The%20Library%20Technicians%20Division%20(formerly,library%20community%20as%20a%20whole.<\/a><\/p>\n<p><strong>Education<\/strong><\/p>\n<p>High school diploma and Library Technician Diploma (generally a 2 year community college program) are required.<\/p>\n<p>Library Technician Programs in Canada: <a href=\"https:\/\/oaltabo.on.ca\/resources\/library-tech-programs\/\">https:\/\/oaltabo.on.ca\/resources\/library-tech-programs\/<\/a><\/p>\n<p>Librarian Role<\/p>\n<p>About Librarianship<\/p>\n<p>ALA Library Careers: <a href=\"https:\/\/www.ala.org\/educationcareers\/node\/214\/\">https:\/\/www.ala.org\/educationcareers\/node\/214\/<\/a><\/p>\n<p>UBC Indigenous Librarianship: <a href=\"https:\/\/guides.library.ubc.ca\/Indiglibrarianship\">https:\/\/guides.library.ubc.ca\/Indiglibrarianship<\/a><\/p>\n<p>Additional Professional Associations<\/p>\n<p>*Note that most associations aren\u2019t restricted to the Librarian role* Canadian Association of Professional Academic Librarians: <a href=\"https:\/\/capalibrarians.org\/\">https:\/\/capalibrarians.org\/<\/a><\/p>\n<p>Education<\/p>\n<p>4-year honours undergraduate degree (any discipline) and a Master of Library and Information Science (MLIS) degree (or its equivalent, such as the Master of Library Studies (MLS) or Master of Information Studies (MISt or MI))<\/p>\n<p><strong>Master of Library and Information Science programs in Canada:<\/strong><\/p>\n<p>Dalhousie University, Department of Information Science: <a href=\"https:\/\/www.dal.ca\/academics\/programs\/graduate\/mi.html\">https:\/\/www.dal.ca\/academics\/programs\/graduate\/mi.html<\/a><\/p>\n<p>McGill University, School of Information Studies: <a href=\"https:\/\/www.mcgill.ca\/sis\/programs\/mist\">https:\/\/www.mcgill.ca\/sis\/programs\/mist<\/a><\/p>\n<p>Universit\u00e9 de Montr\u00e9al, \u00c9cole de biblioth\u00e9conomie et des sciences de l\u2019information: <a href=\"https:\/\/ebsi.umontreal.ca\/programmes-cours\/cycles-superieurs\/maitrise-en-sciences-information\/\">https:\/\/ebsi.umontreal.ca\/programmes-cours\/cycles-superieurs\/maitrise-en-sciences-information\/<\/a><\/p>\n<p>University of Alberta, School of Library and Information Studies: <a href=\"https:\/\/www.ualberta.ca\/school-of-library-and-information-studies\/programs\/mlis\/index.html\">https:\/\/www.ualberta.ca\/school-of-library-and-information-studies\/programs\/mlis\/index.html<\/a><\/p>\n<p>University of British Columbia, School of Information: <a href=\"https:\/\/ischool.ubc.ca\/graduate\/masters-programs\/master-of-library-and-information-studies\/\">https:\/\/ischool.ubc.ca\/graduate\/masters-programs\/master-of-library-and-information-studies\/<\/a><\/p>\n<p>First Nations Curriculum Concentration:<a href=\"https:\/\/ischool.ubc.ca\/graduate\/areas-of-focus\/first-nations-curriculum-concentration\/\"> https:\/\/ischool.ubc.ca\/graduate\/areas-of-focus\/first-nations-curriculum-concentration\/<\/a><\/p>\n<p>University of Ottawa, School of Information Studies: <a href=\"https:\/\/catalogue.uottawa.ca\/en\/graduate\/master-information-studies-bilingual\/\">https:\/\/catalogue.uottawa.ca\/en\/graduate\/master-information-studies-bilingual\/<\/a><\/p>\n<p>University of Toronto, Faculty of Information: <a href=\"https:\/\/ischool.utoronto.ca\/current-students\/programs-courses\/programs-of-study\/master-of-information\/\">https:\/\/ischool.utoronto.ca\/current-students\/programs-courses\/programs-of-study\/master-of-information\/<\/a><\/p>\n<p>Western University, Faculty of Information &amp; Media Studies: <a href=\"https:\/\/www.fims.uwo.ca\/programs\/graduate_programs\/master_of_library_and_information_science\/index.html\">https:\/\/www.fims.uwo.ca\/programs\/graduate_programs\/master_of_library_and_information_science\/index.html<\/a><\/p>\n<p><strong>Archives Careers General Information<\/strong><\/p>\n<p><strong>About Archives and the Archivist role<\/strong><\/p>\n<p>ACA What are Archives?: <a href=\"https:\/\/archivists.ca\/What-Are-Archives\">https:\/\/archivists.ca\/What-Are-Archives <\/a><\/p>\n<p>Society of American Archivists, So You Want to Be An Archivist: <a href=\"https:\/\/www2.archivists.org\/careers\/beanarchivist\">https:\/\/www2.archivists.org\/careers\/beanarchivist<\/a><\/p>\n<p><strong>Job Boards<\/strong><\/p>\n<p>ACA Job Opportunities:<a href=\"https:\/\/archivists.ca\/Job-Opportunities\"> https:\/\/archivists.ca\/Job-Opportunities<\/a><\/p>\n<p>Partnership Job Board:<a href=\"https:\/\/partnershipjobs.ca\/jobs\"> https:\/\/partnershipjobs.ca\/jobs<\/a><\/p>\n<p>BU Postings for Student Assistants or Research Assistants will be posted here, when open: <a href=\"https:\/\/www.brandonu.ca\/jobs\/\">https:\/\/www.brandonu.ca\/jobs\/<\/a><\/p>\n<p>Professional Associations Association for Manitoba Archives:<a href=\"https:\/\/mbarchives.ca\/\"> https:\/\/mbarchives.ca\/ <\/a><\/p>\n<p>Association of Canadian Archivists: <a href=\"https:\/\/archivists.ca\/\">https:\/\/archivists.ca\/ <\/a><\/p>\n<p>ACA Indigenous Matters Working Group: <a href=\"https:\/\/archivists.ca\/Indigenous-Matters-Working-Group\">https:\/\/archivists.ca\/Indigenous-Matters-Working-Group<\/a><\/p>\n<p>ACA Truth And Reconciliation Framework: <a href=\"https:\/\/archivists.ca\/Truth-and-Reconciliation\">https:\/\/archivists.ca\/Truth-and-Reconciliation<\/a><\/p>\n<p>Competencies\/Ethics<\/p>\n<p>ACA Code of Ethics: <a href=\"https:\/\/archivists.ca\/resources\/Documents\/Governance%20and%20Structure\/20171018_aca_code_of_ethics_final.pdf\">https:\/\/archivists.ca\/resources\/Documents\/Governance%20and%20Structure\/20171018_aca_code_of_ethics_final.pdf <\/a><\/p>\n<p>SAA Core Values Statement and Code of Ethics: <a href=\"https:\/\/www2.archivists.org\/statements\/saa-core-values-statement-and-code-of-ethics\">https:\/\/www2.archivists.org\/statements\/saa-core-values-statement-and-code-of-ethics<\/a><\/p>\n<p><strong>Education<\/strong><\/p>\n<p>4-year honours undergraduate degree (any discipline, but History is beneficial) and a Master of Archival Studies or archives specialization within an MLIS (Master of Library and Information Science) or MI (Master of Information) degree.<\/p>\n<p>Master of Archival Studies (or equivalent) Programs in Canada: <a href=\"https:\/\/archivists.ca\/Archival-Education-Programs\">https:\/\/archivists.ca\/Archival-Education-Programs<\/a><\/p>\n","protected":false},"excerpt":{"rendered":"<p>Library Careers General Information Job Boards Partnership Job Board: https:\/\/partnershipjobs.ca\/jobs BU Postings for Student Assistants or Research Assistants will be posted here, when open: https:\/\/www.brandonu.ca\/jobs\/ Professional Associations (open to both Librarians and Library Technicians) Librarianship.ca List of Associations: https:\/\/librarianship.ca\/resources\/associations\/ Manitoba Library Association: https:\/\/mla.mb.ca\/ Manitoba School Library Association: https:\/\/www.manitobaschoollibraries.ca\/ Canadian Federation of Library Associations: https:\/\/cfla-fcab.ca\/en\/home-page\/ American [&hellip;]<\/p>\n","protected":false},"author":718,"featured_media":0,"parent":102,"menu_order":0,"comment_status":"closed","ping_status":"closed","template":"","meta":{"footnotes":""},"class_list":["post-31124","page","type-page","status-publish","hentry"],"_links":{"self":[{"href":"https:\/\/www.brandonu.ca\/careerplanning\/wp-json\/wp\/v2\/pages\/31124","targetHints":{"allow":["GET"]}}],"collection":[{"href":"https:\/\/www.brandonu.ca\/careerplanning\/wp-json\/wp\/v2\/pages"}],"about":[{"href":"https:\/\/www.brandonu.ca\/careerplanning\/wp-json\/wp\/v2\/types\/page"}],"author":[{"embeddable":true,"href":"https:\/\/www.brandonu.ca\/careerplanning\/wp-json\/wp\/v2\/users\/718"}],"replies":[{"embeddable":true,"href":"https:\/\/www.brandonu.ca\/careerplanning\/wp-json\/wp\/v2\/comments?post=31124"}],"version-history":[{"count":1,"href":"https:\/\/www.brandonu.ca\/careerplanning\/wp-json\/wp\/v2\/pages\/31124\/revisions"}],"predecessor-version":[{"id":31125,"href":"https:\/\/www.brandonu.ca\/careerplanning\/wp-json\/wp\/v2\/pages\/31124\/revisions\/31125"}],"up":[{"embeddable":true,"href":"https:\/\/www.brandonu.ca\/careerplanning\/wp-json\/wp\/v2\/pages\/102"}],"wp:attachment":[{"href":"https:\/\/www.brandonu.ca\/careerplanning\/wp-json\/wp\/v2\/media?parent=31124"}],"curies":[{"name":"wp","href":"https:\/\/api.w.org\/{rel}","templated":true}]}}