{"id":31,"date":"2011-11-07T13:29:00","date_gmt":"2011-11-07T19:29:00","guid":{"rendered":"https:\/\/www.brandonu.ca\/history\/?page_id=31"},"modified":"2014-09-30T15:42:32","modified_gmt":"2014-09-30T20:42:32","slug":"pernal","status":"publish","type":"page","link":"https:\/\/www.brandonu.ca\/history\/faculty\/pernal\/","title":{"rendered":"Andrew B. Pernal"},"content":{"rendered":"<p>B.A. (Assumption), M.A. (Windsor), Ph.D. (Ottawa),\u00a0Doctorate [<em>honoris causa<\/em>] (Zaporizhia State)<\/p>\n<p><strong>Professor<\/strong><\/p>\n<p>Email: <a href=\"&#x6d;a&#x69;&#108;&#x74;&#111;&#x3a;&#x50;e&#x72;&#110;&#x61;&#108;&#x40;&#66;r&#x61;&#110;&#x64;&#111;&#x6e;&#85;&#46;&#x63;&#97;\">&#x50;&#101;r&#x6e;&#97;l&#x40;&#66;r&#x61;&#110;d&#x6f;&#110;U&#x2e;&#99;a<\/a><\/p>\n<h2>Research Interests<\/h2>\n<ul>\n<li>History of Poland, Russia and Ukraine, with an emphasis on the seventeenth century, in the following fields: Diets, Dietines, diplomatic relations, historiography and historical cartography,.<\/li>\n<li>Polish immigrants in Canada and historiography relating to them<\/li>\n<li>Polish refugees in Africa during World War II.<\/li>\n<\/ul>\n<h2>Publications:<\/h2>\n<p><em>Rzeczpospolita Obojga Narod\u00f3w a Ukraina: Stosunki dyplomatyczne w latach 1648-1659. <\/em>Krak\u00f3w: Ksi\u0119garnia Akademicka, forthcoming in 2007.<\/p>\n<p>With D. F. Essar, &#8220;Les labeurs cartographiques de Le Vasseur de Beauplan en France: les cartes de Normandie et de Bretagne,&#8221; <em>Annales de Normandie, 56, 4 (October 2006), 483-502 + 2 maps<\/em>.<\/p>\n<p>&#8221; &#8216;Ready to Lay Down His Person and Fortune at Her Feet&#8217;: Prince Bogus\u0142aw Radziwi\u0142\u0142&#8217;s Proposal for Marriage with Mary Stuart, Princess Royal of England and Princess of Orange in 1653-1654,&#8221; <em>Canadian Slavonic Papers, <\/em>48, 1-2 (March-June 2006), 65-80.<\/p>\n<p>With D.F. Essar, &#8220;Nevidomni tekst Boplana \u00abOpys Normandii\u00bb&#8221;, <em> Instorychne kartoznavstvo Ukrainy. Zbirnyk naukovykh prats&#8217; <\/em>(L&#8217;viv, 2004), 63-94.<\/p>\n<p>With D.F. Essar, &#8220;Un texte \u00e9gar\u00e9 de Le Vasseur de Beauplan: <em>Description de la Normandie<\/em>,&#8221; <em>Annales de Normandie<\/em>, 53, 4 (September 2003), 317-349.<\/p>\n<p>&#8220;The <em>London Gazette<\/em> as a Primary Source for the Biography of General Patrick Gordon,&#8221; <em>Canadian Journal of History<\/em>, 38, 1 (April 2003), 1-17. Errata, <em>ibid<\/em>, 38, 2 (August 2003), 380.<\/p>\n<p>&#8220;Dodatky, zminyi vypravlennia vos&#8217; moho arkusha Boplanovoi &#8216;spetsial&#8217; noi&#8217; karty Ukrainy,&#8221; <em>Kartohrafiia ta istoriia Ukrainy. Zbirnyk naukovykh prats&#8217;<\/em> (L&#8217;viv 2000), 23-39.<\/p>\n<p>With Rosanne P. Gasse, &#8220;The 1651 Polish Subsidy to the Exiled Charles II,&#8221; <em>Oxford Slavonic Papers<\/em>, New Series 32 (1999), 1-50.<\/p>\n<p>With D.F. Essar, Beauplan&#8217;s <em>A Description of Ukraine<\/em> (Cambridge, Mass.: Distributed by Harvard University Press for the Harvard Ukrainian Research Institute, 1993).<\/p>\n<p>With D.F. Essar, <em>La Description d&#8217;Ukrainie de Guillaume Le Vasseur de Beauplan<\/em> (Ottawa: Les Presses de L&#8217;Universit\u00e9 d&#8217;Ottawa, 1990).<\/p>\n<p>With D.F. Essar, &#8220;Giiom Le Vasser de Boplan &#8211; viis&#8217;kovyi inzhener, kartohraf, avtor,&#8217; in <em>Boplan i Ukraina. Zbirnyk naukovykh prats&#8217; <\/em>(L&#8217;viv, 1998), 15-45.<\/p>\n<p>&#8220;An Analysis of Disbursements for Diplomacy during the Ratification of the Hadiach Union Treaty at the Warsaw Diet of 1659,&#8221; <em>Harvard Ukrainian Studies<\/em>, 17, 1-2 (June 1993), 72-109.&#8221;Diplomatic Contacts between Boguslaw Radziwill and Bohdan Khmel&#8217;nyts&#8217;kyi in 1656: Two Unpublished Documents,&#8221; in <em>Mappa Mundi. Zbirnyk naukovykh prats&#8217; na poshanu Iaroslava Dashkevycha z nahody ioho 70- richchia<\/em> (L&#8217;viv-Kiev-New York, 1996), 509-536.<\/p>\n<h2>Courses Formerly Taught:<\/h2>\n<ul>\n<li>54:153 World History to 1500<\/li>\n<li>54:154 World History since 1500<\/li>\n<li>54:251 Ancient History<\/li>\n<li>54:252 Medieval Europe<\/li>\n<li>54:253 Renaissance and Reformation<\/li>\n<li>54:254 The Age of Absolutism<\/li>\n<li>54:259 History of Russia<\/li>\n<li>54:263 History of Poland<\/li>\n<li>54:351 The Soviet Union I<\/li>\n<li>54:352 The Soviet Union II<\/li>\n<li>54:395 Latin America I: Indian Civilizations &amp; Colonial Period<\/li>\n<\/ul>\n","protected":false},"excerpt":{"rendered":"<p>B.A. (Assumption), M.A. (Windsor), Ph.D. (Ottawa),\u00a0Doctorate [honoris causa] (Zaporizhia State) Professor Email: P&#101;&#114;&#x6e;&#x61;&#x6c;&#64;&#66;&#114;&#x61;&#x6e;&#x64;on&#85;&#x2e;&#x63;&#x61; Research Interests History of Poland, Russia and Ukraine, with an emphasis on the seventeenth century, in the following fields: Diets, Dietines, diplomatic relations, historiography and historical cartography,. Polish immigrants in Canada and historiography relating to them Polish refugees in Africa during World [&hellip;]<\/p>\n","protected":false},"author":2,"featured_media":0,"parent":18,"menu_order":0,"comment_status":"open","ping_status":"closed","template":"","meta":{"footnotes":""},"class_list":["post-31","page","type-page","status-publish","hentry"],"_links":{"self":[{"href":"https:\/\/www.brandonu.ca\/history\/wp-json\/wp\/v2\/pages\/31","targetHints":{"allow":["GET"]}}],"collection":[{"href":"https:\/\/www.brandonu.ca\/history\/wp-json\/wp\/v2\/pages"}],"about":[{"href":"https:\/\/www.brandonu.ca\/history\/wp-json\/wp\/v2\/types\/page"}],"author":[{"embeddable":true,"href":"https:\/\/www.brandonu.ca\/history\/wp-json\/wp\/v2\/users\/2"}],"replies":[{"embeddable":true,"href":"https:\/\/www.brandonu.ca\/history\/wp-json\/wp\/v2\/comments?post=31"}],"version-history":[{"count":10,"href":"https:\/\/www.brandonu.ca\/history\/wp-json\/wp\/v2\/pages\/31\/revisions"}],"predecessor-version":[{"id":156,"href":"https:\/\/www.brandonu.ca\/history\/wp-json\/wp\/v2\/pages\/31\/revisions\/156"}],"up":[{"embeddable":true,"href":"https:\/\/www.brandonu.ca\/history\/wp-json\/wp\/v2\/pages\/18"}],"wp:attachment":[{"href":"https:\/\/www.brandonu.ca\/history\/wp-json\/wp\/v2\/media?parent=31"}],"curies":[{"name":"wp","href":"https:\/\/api.w.org\/{rel}","templated":true}]}}