{"id":2,"date":"2018-04-03T01:11:04","date_gmt":"2018-04-03T06:11:04","guid":{"rendered":"https:\/\/www.brandonu.ca\/kodaly-conference\/?page_id=2"},"modified":"2018-04-03T10:37:57","modified_gmt":"2018-04-03T15:37:57","slug":"welcome","status":"publish","type":"page","link":"https:\/\/www.brandonu.ca\/kodaly-conference\/","title":{"rendered":"Kodaly Music Education Conference"},"content":{"rendered":"<p>Friday and Saturday,\u00a0September 14 and 15, 2018<br \/>\nQueen Elizabeth II Music Building<br \/>\nBrandon University<br \/>\nBrandon, Manitoba<\/p>\n<blockquote><p>The characteristics of a good musician can be summarized as follows:<\/p>\n<ol>\n<li>A well-trained ear;<\/li>\n<li>A well-trained intelligence;<\/li>\n<li>A well-trained heart;<\/li>\n<li>A well-trained hand.<\/li>\n<\/ol>\n<\/blockquote>\n<p>\u2014Zoltan Kod\u00e1ly<\/p>\n<p><a href=\"https:\/\/www.brandonu.ca\/music\/\">Brandon University&#8217;s School of Music<\/a>, with support from Kod\u00e1ly in Manitoba, is privileged to sponsor a conference celebrating the Kod\u00e1ly Method from historical and current perspectives. What is now known world-wide as The Kod\u00e1ly Method began in Hungary during the middle of the last century. <a href=\"https:\/\/www.brandonu.ca\/kodaly-conference\/edna-knock\/\">Edna Knock<\/a> and <a href=\"https:\/\/www.brandonu.ca\/kodaly-conference\/bea-finta\/\">Bea Finta<\/a> both studied in Hungary and brought these progressive ideas for music education to Canada. We are excited for this opportunity to learn from them. During the Friday evening session, these well-regarded music educators will reminisce on their experiences with the Kod\u00e1ly method. On Saturday, Bea will highlight Kod\u00e1ly in professional practice and Edna will share her expertise in folk song analysis.<\/p>\n<p>We are pleased to have <a href=\"https:\/\/www.brandonu.ca\/kodaly-conference\/jody-stark\/\">Jody<\/a> and <a href=\"https:\/\/www.brandonu.ca\/kodaly-conference\/david-stark\/\">David Stark<\/a> join our commemoration of Kod\u00e1ly Music Education. Jody will explain how the tenets of Kod\u00e1ly\u2019s philosophy for music education are appropriate for today\u2019s classrooms. David will lead us through a variety of music-making experiences that celebrate the pedagogy and musicianship experiences inherent to Kod\u00e1ly-inspired teaching.<\/p>\n<p>I hope you are able to join us as we journey through the past and into the future of music education in Manitoba and across Canada.<\/p>\n<p>Warm regards,<\/p>\n<p>Sheila Scott, Ph.D.<br \/>\nProfessor, School of Music<\/p>\n","protected":false},"excerpt":{"rendered":"<p>Friday and Saturday,\u00a0September 14 and 15, 2018 Queen Elizabeth II Music Building Brandon University Brandon, Manitoba The characteristics of a good musician can be summarized as follows: A well-trained ear; A well-trained intelligence; A well-trained heart; A well-trained hand. \u2014Zoltan &hellip; <a href=\"https:\/\/www.brandonu.ca\/kodaly-conference\/\">Continue reading <span class=\"meta-nav\">&rarr;<\/span><\/a><\/p>\n","protected":false},"author":1,"featured_media":0,"parent":0,"menu_order":0,"comment_status":"closed","ping_status":"open","template":"","meta":{"footnotes":""},"class_list":["post-2","page","type-page","status-publish","hentry"],"_links":{"self":[{"href":"https:\/\/www.brandonu.ca\/kodaly-conference\/wp-json\/wp\/v2\/pages\/2","targetHints":{"allow":["GET"]}}],"collection":[{"href":"https:\/\/www.brandonu.ca\/kodaly-conference\/wp-json\/wp\/v2\/pages"}],"about":[{"href":"https:\/\/www.brandonu.ca\/kodaly-conference\/wp-json\/wp\/v2\/types\/page"}],"author":[{"embeddable":true,"href":"https:\/\/www.brandonu.ca\/kodaly-conference\/wp-json\/wp\/v2\/users\/1"}],"replies":[{"embeddable":true,"href":"https:\/\/www.brandonu.ca\/kodaly-conference\/wp-json\/wp\/v2\/comments?post=2"}],"version-history":[{"count":4,"href":"https:\/\/www.brandonu.ca\/kodaly-conference\/wp-json\/wp\/v2\/pages\/2\/revisions"}],"predecessor-version":[{"id":30,"href":"https:\/\/www.brandonu.ca\/kodaly-conference\/wp-json\/wp\/v2\/pages\/2\/revisions\/30"}],"wp:attachment":[{"href":"https:\/\/www.brandonu.ca\/kodaly-conference\/wp-json\/wp\/v2\/media?parent=2"}],"curies":[{"name":"wp","href":"https:\/\/api.w.org\/{rel}","templated":true}]}}