{"id":26,"date":"2018-04-03T10:35:52","date_gmt":"2018-04-03T15:35:52","guid":{"rendered":"https:\/\/www.brandonu.ca\/kodaly-conference\/?page_id=26"},"modified":"2018-04-03T10:35:52","modified_gmt":"2018-04-03T15:35:52","slug":"jody-stark","status":"publish","type":"page","link":"https:\/\/www.brandonu.ca\/kodaly-conference\/jody-stark\/","title":{"rendered":"Jody Stark"},"content":{"rendered":"<p>Jody Stark is an Assistant Professor in Music Education at the Desautels Faculty of Music at the University of Manitoba. A well-known clinician, Jody taught music in French Immersion and English schools in Alberta for many years before becoming a music teacher educator. Jody studied music education at the Zoltan Kod\u00e1ly Pedagogical Institute in Hungary, the University of Calgary, and at the University of Alberta where she received her baccalaur\u00e9at en \u00e9ducation and Masters degrees. Jody uses elements of both Kod\u00e1ly and Orff-Schulwerk pedagogies in her teaching, and is proud to be the director of the University of Manitoba\u2019s summer Orff and Kod\u00e1ly programs. She recently completed her Ph.D. study of the professional learning of elementary music teachers.<\/p>\n","protected":false},"excerpt":{"rendered":"<p>Jody Stark is an Assistant Professor in Music Education at the Desautels Faculty of Music at the University of Manitoba. A well-known clinician, Jody taught music in French Immersion and English schools in Alberta for many years before becoming a &hellip; <a href=\"https:\/\/www.brandonu.ca\/kodaly-conference\/jody-stark\/\">Continue reading <span class=\"meta-nav\">&rarr;<\/span><\/a><\/p>\n","protected":false},"author":1,"featured_media":0,"parent":0,"menu_order":0,"comment_status":"closed","ping_status":"closed","template":"","meta":{"footnotes":""},"class_list":["post-26","page","type-page","status-publish","hentry"],"_links":{"self":[{"href":"https:\/\/www.brandonu.ca\/kodaly-conference\/wp-json\/wp\/v2\/pages\/26","targetHints":{"allow":["GET"]}}],"collection":[{"href":"https:\/\/www.brandonu.ca\/kodaly-conference\/wp-json\/wp\/v2\/pages"}],"about":[{"href":"https:\/\/www.brandonu.ca\/kodaly-conference\/wp-json\/wp\/v2\/types\/page"}],"author":[{"embeddable":true,"href":"https:\/\/www.brandonu.ca\/kodaly-conference\/wp-json\/wp\/v2\/users\/1"}],"replies":[{"embeddable":true,"href":"https:\/\/www.brandonu.ca\/kodaly-conference\/wp-json\/wp\/v2\/comments?post=26"}],"version-history":[{"count":1,"href":"https:\/\/www.brandonu.ca\/kodaly-conference\/wp-json\/wp\/v2\/pages\/26\/revisions"}],"predecessor-version":[{"id":27,"href":"https:\/\/www.brandonu.ca\/kodaly-conference\/wp-json\/wp\/v2\/pages\/26\/revisions\/27"}],"wp:attachment":[{"href":"https:\/\/www.brandonu.ca\/kodaly-conference\/wp-json\/wp\/v2\/media?parent=26"}],"curies":[{"name":"wp","href":"https:\/\/api.w.org\/{rel}","templated":true}]}}