{"id":1570,"date":"2011-09-16T16:20:52","date_gmt":"2011-09-16T21:20:52","guid":{"rendered":"https:\/\/www.brandonu.ca\/music\/?page_id=1570"},"modified":"2014-11-14T13:47:53","modified_gmt":"2014-11-14T19:47:53","slug":"new-music","status":"publish","type":"page","link":"https:\/\/www.brandonu.ca\/music\/ensembles\/new-music\/","title":{"rendered":"New Music Ensemble"},"content":{"rendered":"<p><img loading=\"lazy\" decoding=\"async\" data-attachment-id=\"2282\" data-permalink=\"https:\/\/www.brandonu.ca\/music\/ensembles\/new-music\/new-music-ensemble-resized\/\" data-orig-file=\"https:\/\/www.brandonu.ca\/music\/files\/New-Music-Ensemble-resized.jpg\" data-orig-size=\"573,430\" data-comments-opened=\"0\" data-image-meta=\"{&quot;aperture&quot;:&quot;0&quot;,&quot;credit&quot;:&quot;&quot;,&quot;camera&quot;:&quot;&quot;,&quot;caption&quot;:&quot;&quot;,&quot;created_timestamp&quot;:&quot;0&quot;,&quot;copyright&quot;:&quot;&quot;,&quot;focal_length&quot;:&quot;0&quot;,&quot;iso&quot;:&quot;0&quot;,&quot;shutter_speed&quot;:&quot;0&quot;,&quot;title&quot;:&quot;&quot;,&quot;orientation&quot;:&quot;0&quot;}\" data-image-title=\"New Music Ensemble resized\" data-image-description=\"\" data-image-caption=\"\" data-medium-file=\"https:\/\/www.brandonu.ca\/music\/files\/New-Music-Ensemble-resized-300x225.jpg\" data-large-file=\"https:\/\/www.brandonu.ca\/music\/files\/New-Music-Ensemble-resized.jpg\" class=\"alignright wp-image-2282 size-medium\" alt=\"New Music Ensemble resized\" src=\"https:\/\/www.brandonu.ca\/music\/files\/New-Music-Ensemble-resized-300x225.jpg\" height=\"225\" width=\"300\" srcset=\"https:\/\/www.brandonu.ca\/music\/files\/New-Music-Ensemble-resized-300x225.jpg 300w, https:\/\/www.brandonu.ca\/music\/files\/New-Music-Ensemble-resized-250x187.jpg 250w, https:\/\/www.brandonu.ca\/music\/files\/New-Music-Ensemble-resized.jpg 573w\" sizes=\"auto, (max-width: 300px) 100vw, 300px\" \/>The Brandon University New Music Ensemble (BUNME), under the direction of Professor Megumi Masaki, is a collaboration of undergraduate students, comprising all programs, years, and instruments. The group is dedicated to performing a diverse array\u00a0of new repertoire by living composers for large and small ensembles, and presents an annual New Music Festival at Brandon University. The 2011 festival, &#8220;Music that Speaks,&#8221; featured composer-in-residence Gary Kulesha from the University of Toronto. Past festivals have featured composers Nicole Liz\u00e9e of Montreal, T. Patrick Carrabr\u00e9 of Brandon, and Jorge C\u00f3rdoba Valencia of Mexico City. BUNME also participates in the Winnipeg Symphony Orchestra New Music Festival, performing and receiving coachings each year from world-renowned composers including Stephen Stucke, John Psathas, and John Corigliano.<\/p>\n<p>Director: <a href=\"https:\/\/www.brandonu.ca\/music\/people\/faculty-and-staff\/masaki\/\">Megumi Masaki<\/a><\/p>\n","protected":false},"excerpt":{"rendered":"<p>The Brandon University New Music Ensemble (BUNME), under the direction of Professor Megumi Masaki, is a collaboration of undergraduate students, comprising all programs, years, and instruments. The group is dedicated to performing a diverse array\u00a0of new repertoire by living composers for large and small ensembles, and presents an annual New Music Festival at Brandon University. [&hellip;]<\/p>\n","protected":false},"author":2,"featured_media":0,"parent":31,"menu_order":121,"comment_status":"open","ping_status":"closed","template":"","meta":{"footnotes":""},"class_list":["post-1570","page","type-page","status-publish","hentry"],"jetpack_sharing_enabled":true,"_links":{"self":[{"href":"https:\/\/www.brandonu.ca\/music\/wp-json\/wp\/v2\/pages\/1570","targetHints":{"allow":["GET"]}}],"collection":[{"href":"https:\/\/www.brandonu.ca\/music\/wp-json\/wp\/v2\/pages"}],"about":[{"href":"https:\/\/www.brandonu.ca\/music\/wp-json\/wp\/v2\/types\/page"}],"author":[{"embeddable":true,"href":"https:\/\/www.brandonu.ca\/music\/wp-json\/wp\/v2\/users\/2"}],"replies":[{"embeddable":true,"href":"https:\/\/www.brandonu.ca\/music\/wp-json\/wp\/v2\/comments?post=1570"}],"version-history":[{"count":1,"href":"https:\/\/www.brandonu.ca\/music\/wp-json\/wp\/v2\/pages\/1570\/revisions"}],"predecessor-version":[{"id":3284,"href":"https:\/\/www.brandonu.ca\/music\/wp-json\/wp\/v2\/pages\/1570\/revisions\/3284"}],"up":[{"embeddable":true,"href":"https:\/\/www.brandonu.ca\/music\/wp-json\/wp\/v2\/pages\/31"}],"wp:attachment":[{"href":"https:\/\/www.brandonu.ca\/music\/wp-json\/wp\/v2\/media?parent=1570"}],"curies":[{"name":"wp","href":"https:\/\/api.w.org\/{rel}","templated":true}]}}