{"id":507,"date":"2011-06-24T13:22:26","date_gmt":"2011-06-24T18:22:26","guid":{"rendered":"https:\/\/www.brandonu.ca\/z-rdi\/?page_id=507"},"modified":"2023-06-13T11:06:28","modified_gmt":"2023-06-13T16:06:28","slug":"icrps","status":"publish","type":"page","link":"https:\/\/www.brandonu.ca\/rdi\/projects\/icrps\/","title":{"rendered":"International Comparative Rural Policies Studies Program (ICRPS)"},"content":{"rendered":"<p>The ICRPS program aims to create a high-level, international, inter-disciplinary, and research-based learning environment for future leaders in rural policy development, research, teaching, and practice. The program provides a post-graduate program in comparative rural policy studies at post-secondary educational institutions in North America and the European Union.<\/p>\n<p>ICRPS hosts an intensive two-week summer program attended by graduate students, faculty, and policy analysts. On average, 24 students and 15 faculty members participate each year. Over the last 15 years, six Brandon University faculty members and sixteen Brandon University Masters students have participated in ICRPS Summer Institutes. Eight of those Masters students have attended two concurrent years. Brandon University hosted the ICRPS Summer Institute in 2006 and will do so again in 2020.<\/p>\n<h2>Upcoming Summer Institutes<\/h2>\n<p>The 2019 Summer Institute will be hosted by the <a href=\"https:\/\/www.ulapland.fi\/EN\">University of Lapland<\/a> in Rovaniemi, Finland from June 16-29, 2019.<\/p>\n<p>The 2020 Summer Institute will be hosted by Brandon University.<\/p>\n<p>For more information visit <a href=\"http:\/\/www.icrps.org\">www.icrps.org<\/a>.<\/p>\n<h2>Past Summer Institutes<\/h2>\n<p>Past summer programs have been hosted by:<\/p>\n<p>2018 &#8211; <a href=\"https:\/\/www.tuskegee.edu\/\">Tuskegee University<\/a> (Tuskegee, Alabama, USA) &#8211; <a href=\"http:\/\/2018.icrps.org\/\">ICRPS 2018 website<\/a><br \/>\n2017 &#8211; <a href=\"https:\/\/www.uab.cat\/en\/\">Universitat Aut\u00f2noma de Barcelona<\/a> (Spain) &#8211; <a href=\"http:\/\/2017.icrps.org\/\">ICRPS 2017 website<\/a><br \/>\n2016 &#8211; <a href=\"https:\/\/www.uaf.edu\/uaf\/\">University of Alaska Fairbanks<\/a> (co-hosted by <a href=\"http:\/\/www.sustainablefuturesnorth.org\/\">Sustainable Futures North<\/a>) (Fairbanks, Alaska, USA) &#8211; <a href=\"http:\/\/2016.icrps.org\/\">ICRPS 2016 website<\/a><br \/>\n2015 &#8211; <a href=\"http:\/\/www.nuigalway.ie\/\">National University of Ireland, Galway<\/a> &amp; <a href=\"https:\/\/www.ucd.ie\/\">University College Dublin<\/a> (Galway, Ireland)<br \/>\n2014 &#8211; <a href=\"http:\/\/www.uaemex.mx\/\">Universidad Aut\u00f3noma del Estado de Mexico<\/a> (Toluca, Mexico)<br \/>\n2013 &#8211; <a href=\"https:\/\/www.unibo.it\/en\">University of Bologna<\/a> (Bertinoro, Italy) &#8211; <a href=\"https:\/\/sites.google.com\/site\/icrps2013\/\">ICRPS 2013 website<\/a> &amp; <a href=\"https:\/\/www.brandonu.ca\/rdi\/files\/2011\/06\/ICRPS-Italy-2013-Report-Final.pdf\">ICRPS Italy 2013 Report<\/a><br \/>\n2012 &#8211; <a href=\"https:\/\/www.concordia.ca\/\">Concordia University<\/a>, the <a href=\"https:\/\/www.uqar.ca\/\">Universit\u00e9 du Qu\u00e9bec \u00e0 Rimouski<\/a>, and the <a href=\"http:\/\/crrf.ca\/\">Canadian Rural Revitalization Foundation<\/a> (CRRF) (Montreal, Canada) &#8211; <a href=\"http:\/\/billreimer.net\/icrps2012\/home\">ICRPS 2012 website<\/a><br \/>\n2011 &#8211; <a href=\"https:\/\/www.nmbu.no\/en\">Norwegian University of Life Sciences<\/a> (UMB) and <a href=\"http:\/\/www.nilf.no\/english\/english_main_page\">Norwegian Agricultural Economics Research Institute<\/a> (NILF) (\u00c5s, Norway) &#8211; <a href=\"http:\/\/www.umb.no\/icrps2011\">ICRPS 2011 website<\/a><br \/>\n2010 &#8211; <a href=\"https:\/\/oregonstate.edu\/\">Oregon State University<\/a> and <a href=\"https:\/\/www.pdx.edu\/\">Portland State University<\/a> (Corvallis, USA)<br \/>\n2009 &#8211; <a href=\"https:\/\/www.uhi.ac.uk\/en\/\">University of Highlands and Islands<\/a> (Inverness, Scotland)<br \/>\n2008 &#8211; <a href=\"https:\/\/missouri.edu\/\">University of Missouri-Columbia<\/a> (USA)<br \/>\n2007 &#8211; <a href=\"https:\/\/www.uab.cat\/en\/\">Universitat Aut\u00f2noma de Barcelona<\/a> (Spain)<br \/>\n2006 &#8211; <a href=\"https:\/\/www.brandonu.ca\/\">Brandon University<\/a> (Canada)<br \/>\n2005 &#8211; <a href=\"https:\/\/www.kuleuven.be\/english\/\">Katholieke Universiteit Leuven<\/a> (Leuven, Belgium)<br \/>\n2004 &#8211; <a href=\"https:\/\/www.uoguelph.ca\/\">University of Guelph<\/a> (Canada)<\/p>\n","protected":false},"excerpt":{"rendered":"<p>The ICRPS program aims to create a high-level, international, inter-disciplinary, and research-based learning environment for future leaders in rural policy development, research, teaching, and practice. The program provides a post-graduate program in comparative rural policy studies at post-secondary educational institutions in North America and the European Union. ICRPS hosts an intensive two-week summer program attended [&hellip;]<\/p>\n","protected":false},"author":108,"featured_media":0,"parent":259,"menu_order":7,"comment_status":"closed","ping_status":"closed","template":"","meta":{"footnotes":""},"class_list":["post-507","page","type-page","status-publish","hentry"],"jetpack_sharing_enabled":true,"_links":{"self":[{"href":"https:\/\/www.brandonu.ca\/rdi\/wp-json\/wp\/v2\/pages\/507","targetHints":{"allow":["GET"]}}],"collection":[{"href":"https:\/\/www.brandonu.ca\/rdi\/wp-json\/wp\/v2\/pages"}],"about":[{"href":"https:\/\/www.brandonu.ca\/rdi\/wp-json\/wp\/v2\/types\/page"}],"author":[{"embeddable":true,"href":"https:\/\/www.brandonu.ca\/rdi\/wp-json\/wp\/v2\/users\/108"}],"replies":[{"embeddable":true,"href":"https:\/\/www.brandonu.ca\/rdi\/wp-json\/wp\/v2\/comments?post=507"}],"version-history":[{"count":29,"href":"https:\/\/www.brandonu.ca\/rdi\/wp-json\/wp\/v2\/pages\/507\/revisions"}],"predecessor-version":[{"id":8555,"href":"https:\/\/www.brandonu.ca\/rdi\/wp-json\/wp\/v2\/pages\/507\/revisions\/8555"}],"up":[{"embeddable":true,"href":"https:\/\/www.brandonu.ca\/rdi\/wp-json\/wp\/v2\/pages\/259"}],"wp:attachment":[{"href":"https:\/\/www.brandonu.ca\/rdi\/wp-json\/wp\/v2\/media?parent=507"}],"curies":[{"name":"wp","href":"https:\/\/api.w.org\/{rel}","templated":true}]}}